{"id":2,"date":"2014-05-19T00:59:48","date_gmt":"2014-05-19T04:59:48","guid":{"rendered":"http:\/\/www.greyhoundfacts.com\/?page_id=2"},"modified":"2018-06-05T20:42:16","modified_gmt":"2018-06-06T00:42:16","slug":"sample-page","status":"publish","type":"page","link":"https:\/\/www.greyhoundfacts.org\/?page_id=2","title":{"rendered":"About Us"},"content":{"rendered":"\t\t<div data-elementor-type=\"wp-post\" data-elementor-id=\"2\" class=\"elementor elementor-2 elementor-bc-flex-widget\">\n\t\t\t\t\t\t<div class=\"elementor-inner\">\n\t\t\t\t<div class=\"elementor-section-wrap\">\n\t\t\t\t\t\t\t\t\t<section class=\"elementor-section elementor-top-section elementor-element elementor-element-52bab55b elementor-section-boxed elementor-section-height-default elementor-section-height-default\" data-id=\"52bab55b\" data-element_type=\"section\">\n\t\t\t\t\t\t<div class=\"elementor-container elementor-column-gap-default\">\n\t\t\t\t\t\t\t<div class=\"elementor-row\">\n\t\t\t\t\t<div class=\"elementor-column elementor-col-100 elementor-top-column elementor-element elementor-element-3aecf529\" data-id=\"3aecf529\" data-element_type=\"column\">\n\t\t\t<div class=\"elementor-column-wrap elementor-element-populated\">\n\t\t\t\t\t\t\t<div class=\"elementor-widget-wrap\">\n\t\t\t\t\t\t<div class=\"elementor-element elementor-element-51916734 elementor-widget elementor-widget-text-editor\" data-id=\"51916734\" data-element_type=\"widget\" data-widget_type=\"text-editor.default\">\n\t\t\t\t<div class=\"elementor-widget-container\">\n\t\t\t\t\t\t\t\t<div class=\"elementor-text-editor elementor-clearfix\">\n\t\t\t\t<p>Greyhound Facts is the place to learn about all aspects of present day greyhound racing\u00a0<img loading=\"lazy\" class=\"size-thumbnail wp-image-4493 alignright\" src=\"http:\/\/www.greyhoundfacts.net\/wp-content\/uploads\/2014\/05\/image-150x144.jpeg\" alt=\"\" width=\"150\" height=\"144\" srcset=\"https:\/\/www.greyhoundfacts.org\/wp-content\/uploads\/2014\/05\/image-150x144.jpeg 150w, https:\/\/www.greyhoundfacts.org\/wp-content\/uploads\/2014\/05\/image-300x288.jpeg 300w, https:\/\/www.greyhoundfacts.org\/wp-content\/uploads\/2014\/05\/image-100x96.jpeg 100w, https:\/\/www.greyhoundfacts.org\/wp-content\/uploads\/2014\/05\/image-200x192.jpeg 200w, https:\/\/www.greyhoundfacts.org\/wp-content\/uploads\/2014\/05\/image-450x433.jpeg 450w, https:\/\/www.greyhoundfacts.org\/wp-content\/uploads\/2014\/05\/image-600x577.jpeg 600w, https:\/\/www.greyhoundfacts.org\/wp-content\/uploads\/2014\/05\/image.jpeg 831w\" sizes=\"(max-width: 150px) 100vw, 150px\" \/>in the USA, from those with hands on experience. Our network of volunteers includes people who are actively involved in the breeding, raising, training, and rehoming of these wonderful hounds, as well as those who adopt them.<\/p><p>Often the general public doesn\u2019t have a true understanding of what the lives of racing greyhounds are like, and how their track experiences contribute to them becoming great pets. Internet searches will lead you to a great deal\u00a0of information. Unfortunately,\u00a0most of it is inaccurate and\/or out dated. This honest information is sourced from those who truly care about the greyhounds and their well-being.<\/p><p><em>A menudo el p\u00fablico en general no tiene una verdadera comprensi\u00f3n de c\u00f3mo son las vidas de las carreras de galgos y c\u00f3mo su experiencia de seguimiento contribuyen a que se conviertan en grandes mascotas. Las b\u00fasquedas en internet los llevan a una gran limpieza de la informaci\u00f3n. Esta informaci\u00f3n honesta proviene de que realmente se preocupa por los galgos y su bienestar.<\/em><\/p><p><a href=\"http:\/\/www.greyhoundfacts.net\/?page_id=3506\" target=\"_blank\" rel=\"noopener noreferrer\">Contact us<\/a> at <a href=\"mailto:info@greyhoundfacts.net\" target=\"_blank\" rel=\"noopener noreferrer\">info@greyhoundfacts.net<\/a>.<\/p>\t\t\t\t\t<\/div>\n\t\t\t\t\t\t<\/div>\n\t\t\t\t<\/div>\n\t\t\t\t\t\t<\/div>\n\t\t\t\t\t<\/div>\n\t\t<\/div>\n\t\t\t\t\t\t\t\t<\/div>\n\t\t\t\t\t<\/div>\n\t\t<\/section>\n\t\t\t\t<section class=\"elementor-section elementor-top-section elementor-element elementor-element-ab94ca6 elementor-section-boxed elementor-section-height-default elementor-section-height-default\" data-id=\"ab94ca6\" data-element_type=\"section\">\n\t\t\t\t\t\t<div class=\"elementor-container elementor-column-gap-default\">\n\t\t\t\t\t\t\t<div class=\"elementor-row\">\n\t\t\t\t\t<div class=\"elementor-column elementor-col-100 elementor-top-column elementor-element elementor-element-77289d7\" data-id=\"77289d7\" data-element_type=\"column\">\n\t\t\t<div class=\"elementor-column-wrap elementor-element-populated\">\n\t\t\t\t\t\t\t<div class=\"elementor-widget-wrap\">\n\t\t\t\t\t\t<div class=\"elementor-element elementor-element-d9be965 elementor-widget elementor-widget-heading\" data-id=\"d9be965\" data-element_type=\"widget\" data-widget_type=\"heading.default\">\n\t\t\t\t<div class=\"elementor-widget-container\">\n\t\t\t<h2 class=\"elementor-heading-title elementor-size-default\">Meet Our Mascot - Lee Lee<\/h2>\t\t<\/div>\n\t\t\t\t<\/div>\n\t\t\t\t<div class=\"elementor-element elementor-element-1550a60 elementor-widget elementor-widget-text-editor\" data-id=\"1550a60\" data-element_type=\"widget\" data-widget_type=\"text-editor.default\">\n\t\t\t\t<div class=\"elementor-widget-container\">\n\t\t\t\t\t\t\t\t<div class=\"elementor-text-editor elementor-clearfix\">\n\t\t\t\t<p><em>I&#8217;d like to introduce Lee Lee the Greyhound Facts mascot. I chose him to represent our organization because he&#8217;s always up to something funny, getting into mischief, and is very photogenic.<\/em><\/p><p><em>He wanted to add a few words to tell you about himself:<\/em><\/p><p>Hellos! Me name is MK Mulberry, buts me go by Lee Lee nows. Mes was whelped ons October 12, 2011 and me is originally froms Dubuque, Iowa. Mes is retired racings greyhound froms the Jackson Kennel, but mes did never run run runs though. Me flunked outs of track school with mes six littermates!! Mes was fostered withs CIGA (Central Illinois Greyhound Adoption) befores mes headed to Torontos! Mes does lives in Orillia, Ontarios now and me has two big brothers, Teddy (RJ&#8217;s Theadore) and Gofer (TMC&#8217;s Go For It) and and one kitty that mes does not eats named Tux.<\/p><p>What does me likes to do in retirements? Mes like to go ons Findings Missions! Recentlys, and it did take mes some time, but mes did figures out hows to opens the baby gates intos\u00a0the KITCHEN! Mes eaten lots and lots of things, like cotton balls and shorts and um stuffy feeties! When mes is on a walk and when mes is happy, me likes to do spider plant spin hip checks ba ba ba prance JAZZ PAWS piggy tails! Buts really, me does like to have snugglys and and be a lap dog, and give hugs, and have me picture takens.<\/p><p>Oh yes! Mes likes to gos to the beach and dig dig dig and and makes splashy splash whens me go swimmings! And me does do runnings now, but it more like trot trot trot fors 5K to 10Ks. Mes has been in in many races, and mes does always wins the &#8216;Canine&#8217; categories!<\/p>\t\t\t\t\t<\/div>\n\t\t\t\t\t\t<\/div>\n\t\t\t\t<\/div>\n\t\t\t\t<div class=\"elementor-element elementor-element-c6cc107 elementor-widget elementor-widget-image\" data-id=\"c6cc107\" data-element_type=\"widget\" data-widget_type=\"image.default\">\n\t\t\t\t<div class=\"elementor-widget-container\">\n\t\t\t\t\t\t\t\t<div class=\"elementor-image\">\n\t\t\t\t\t\t\t\t\t\t\t\t<img width=\"3494\" height=\"714\" src=\"https:\/\/www.greyhoundfacts.org\/wp-content\/uploads\/2018\/06\/lee-lee-ghd-1.png\" class=\"attachment-full size-full wp-image-4889\" alt=\"\" loading=\"lazy\" srcset=\"https:\/\/www.greyhoundfacts.org\/wp-content\/uploads\/2018\/06\/lee-lee-ghd-1.png 3494w, https:\/\/www.greyhoundfacts.org\/wp-content\/uploads\/2018\/06\/lee-lee-ghd-1-150x31.png 150w, https:\/\/www.greyhoundfacts.org\/wp-content\/uploads\/2018\/06\/lee-lee-ghd-1-300x61.png 300w, https:\/\/www.greyhoundfacts.org\/wp-content\/uploads\/2018\/06\/lee-lee-ghd-1-768x157.png 768w, https:\/\/www.greyhoundfacts.org\/wp-content\/uploads\/2018\/06\/lee-lee-ghd-1-1024x209.png 1024w, https:\/\/www.greyhoundfacts.org\/wp-content\/uploads\/2018\/06\/lee-lee-ghd-1-100x20.png 100w, https:\/\/www.greyhoundfacts.org\/wp-content\/uploads\/2018\/06\/lee-lee-ghd-1-200x41.png 200w, https:\/\/www.greyhoundfacts.org\/wp-content\/uploads\/2018\/06\/lee-lee-ghd-1-450x92.png 450w, https:\/\/www.greyhoundfacts.org\/wp-content\/uploads\/2018\/06\/lee-lee-ghd-1-600x123.png 600w, https:\/\/www.greyhoundfacts.org\/wp-content\/uploads\/2018\/06\/lee-lee-ghd-1-900x184.png 900w\" sizes=\"(max-width: 3494px) 100vw, 3494px\" \/>\t\t\t\t\t\t\t\t\t\t\t\t\t\t<\/div>\n\t\t\t\t\t\t<\/div>\n\t\t\t\t<\/div>\n\t\t\t\t\t\t<\/div>\n\t\t\t\t\t<\/div>\n\t\t<\/div>\n\t\t\t\t\t\t\t\t<\/div>\n\t\t\t\t\t<\/div>\n\t\t<\/section>\n\t\t\t\t\t\t\t\t\t<\/div>\n\t\t\t<\/div>\n\t\t\t\t\t<\/div>\n\t\t","protected":false},"excerpt":{"rendered":"<p>Greyhound Facts is the place to learn about all aspects of present day greyhound racing\u00a0in the USA, from those with hands on experience. Our network of volunteers includes people who are actively involved in the breeding, raising, training, and rehoming &hellip;<\/p>\n<p class=\"read-more\"> <a class=\"more-link\" href=\"https:\/\/www.greyhoundfacts.org\/?page_id=2\"> <span class=\"screen-reader-text\">About Us<\/span> Read More &raquo;<\/a><\/p>\n","protected":false},"author":1,"featured_media":0,"parent":0,"menu_order":1,"comment_status":"closed","ping_status":"closed","template":"full-width-page.php","meta":[],"_links":{"self":[{"href":"https:\/\/www.greyhoundfacts.org\/index.php?rest_route=\/wp\/v2\/pages\/2"}],"collection":[{"href":"https:\/\/www.greyhoundfacts.org\/index.php?rest_route=\/wp\/v2\/pages"}],"about":[{"href":"https:\/\/www.greyhoundfacts.org\/index.php?rest_route=\/wp\/v2\/types\/page"}],"author":[{"embeddable":true,"href":"https:\/\/www.greyhoundfacts.org\/index.php?rest_route=\/wp\/v2\/users\/1"}],"replies":[{"embeddable":true,"href":"https:\/\/www.greyhoundfacts.org\/index.php?rest_route=%2Fwp%2Fv2%2Fcomments&post=2"}],"version-history":[{"count":46,"href":"https:\/\/www.greyhoundfacts.org\/index.php?rest_route=\/wp\/v2\/pages\/2\/revisions"}],"predecessor-version":[{"id":4890,"href":"https:\/\/www.greyhoundfacts.org\/index.php?rest_route=\/wp\/v2\/pages\/2\/revisions\/4890"}],"wp:attachment":[{"href":"https:\/\/www.greyhoundfacts.org\/index.php?rest_route=%2Fwp%2Fv2%2Fmedia&parent=2"}],"curies":[{"name":"wp","href":"https:\/\/api.w.org\/{rel}","templated":true}]}}